{"id":1825,"date":"2023-09-10T14:13:07","date_gmt":"2023-09-10T13:13:07","guid":{"rendered":"http:\/\/www.bkberoun.cz.uvirt131.active24.cz\/?page_id=1825"},"modified":"2026-04-14T12:54:17","modified_gmt":"2026-04-14T11:54:17","slug":"starsi-zaci-u15","status":"publish","type":"page","link":"https:\/\/www.bkberoun.cz\/?page_id=1825","title":{"rendered":"Star\u0161\u00ed \u017e\u00e1ci U15"},"content":{"rendered":"<p>[et_pb_section fb_built=&#8220;1&#8243; _builder_version=&#8220;4.22.1&#8243; _module_preset=&#8220;default&#8220; global_colors_info=&#8220;{}&#8220;][et_pb_row _builder_version=&#8220;4.22.1&#8243; _module_preset=&#8220;default&#8220; global_colors_info=&#8220;{}&#8220;][et_pb_column type=&#8220;4_4&#8243; _builder_version=&#8220;4.22.1&#8243; _module_preset=&#8220;default&#8220; global_colors_info=&#8220;{}&#8220;][et_pb_text _builder_version=&#8220;4.22.1&#8243; _module_preset=&#8220;default&#8220; min_height=&#8220;28px&#8220; global_colors_info=&#8220;{}&#8220;]<\/p>\n<h1>Star\u0161\u00ed \u017e\u00e1ci U15<\/h1>\n<p>[\/et_pb_text][et_pb_image src=&#8220;https:\/\/www.bkberoun.cz\/wp-content\/uploads\/2025\/09\/IMG_5481-scaled.jpg&#8220; title_text=&#8220;IMG_5481&#8243; _builder_version=&#8220;4.22.1&#8243; _module_preset=&#8220;default&#8220; global_colors_info=&#8220;{}&#8220;][\/et_pb_image][\/et_pb_column][\/et_pb_row][et_pb_row _builder_version=&#8220;4.22.1&#8243; _module_preset=&#8220;default&#8220; global_colors_info=&#8220;{}&#8220;][et_pb_column type=&#8220;4_4&#8243; _builder_version=&#8220;4.22.1&#8243; _module_preset=&#8220;default&#8220; global_colors_info=&#8220;{}&#8220;][et_pb_button button_url=&#8220;https:\/\/cz.basketball\/tym\/598#tab-pane-three&#8220; button_text=&#8220;Statistika \u010cBF&#8220; button_alignment=&#8220;center&#8220; _builder_version=&#8220;4.22.1&#8243; _module_preset=&#8220;default&#8220; custom_button=&#8220;on&#8220; button_text_color=&#8220;#211552&#8243; global_colors_info=&#8220;{}&#8220;][\/et_pb_button][\/et_pb_column][\/et_pb_row][et_pb_row _builder_version=&#8220;4.22.1&#8243; _module_preset=&#8220;default&#8220; global_colors_info=&#8220;{}&#8220;][et_pb_column type=&#8220;4_4&#8243; _builder_version=&#8220;4.22.1&#8243; _module_preset=&#8220;default&#8220; global_colors_info=&#8220;{}&#8220;][et_pb_text _builder_version=&#8220;4.22.1&#8243; _module_preset=&#8220;default&#8220; global_colors_info=&#8220;{}&#8220;]<\/p>\n<h4><strong>Tr\u00e9ninky:<\/strong><\/h4>\n<h4>\u00dat <span>17:00 &#8211; 19:00 Z\u0160 Preislerova (velk\u00e1 hala)<\/span><\/h4>\n<h4>St <span>17:00 &#8211; 18:30 Z\u0160 Preislerova (mal\u00e1 hala)<\/span><\/h4>\n<h4><span>P\u00e1 16:30 &#8211; 18:00 Z\u0160 Preislerova (velk\u00e1 hala)<\/span><\/h4>\n<p>&nbsp;<\/p>\n<h4 style=\"text-align: left;\"><strong>Tren\u00e9\u0159i:<\/strong><\/h4>\n<h4><span>Jan Leopold<\/span><\/h4>\n<p>tel.: 605 344 819, e-mail: <a href=\"mailto:arw@seznam.cz\">arw@seznam.cz<\/a><\/p>\n<p>&nbsp;<\/p>\n<h4><strong>Organiza\u010dn\u00ed pracovn\u00edk:<\/strong><\/h4>\n<h4><span>Tom\u00e1\u0161 Peterka<\/span><\/h4>\n<p>Tel.: 736 121 169,\u00a0e-mail:\u00a0peterka.t@bkberoun.cz<\/p>\n<p>[\/et_pb_text][\/et_pb_column][\/et_pb_row][et_pb_row _builder_version=&#8220;4.22.1&#8243; _module_preset=&#8220;default&#8220; custom_padding=&#8220;||8px|||&#8220; global_colors_info=&#8220;{}&#8220;][et_pb_column type=&#8220;4_4&#8243; _builder_version=&#8220;4.22.1&#8243; _module_preset=&#8220;default&#8220; global_colors_info=&#8220;{}&#8220;][et_pb_text _builder_version=&#8220;4.22.1&#8243; _module_preset=&#8220;default&#8220; global_colors_info=&#8220;{}&#8220;]<\/p>\n<h2 style=\"text-align: center;\"><span><b>Z\u00e1pasy sez\u00f3na 2024\/25<\/b><\/span><\/h2>\n<p>[\/et_pb_text][\/et_pb_column][\/et_pb_row][et_pb_row _builder_version=&#8220;4.22.1&#8243; _module_preset=&#8220;default&#8220; custom_padding=&#8220;0px|||||&#8220; global_colors_info=&#8220;{}&#8220;][et_pb_column type=&#8220;4_4&#8243; _builder_version=&#8220;4.22.1&#8243; _module_preset=&#8220;default&#8220; global_colors_info=&#8220;{}&#8220;][et_pb_code _builder_version=&#8220;4.22.1&#8243; _module_preset=&#8220;default&#8220; global_colors_info=&#8220;{}&#8220;]\t[\/et_pb_code][\/et_pb_column][\/et_pb_row][et_pb_row column_structure=&#8220;1_3,1_3,1_3&#8243; _builder_version=&#8220;4.22.1&#8243; _module_preset=&#8220;default&#8220; global_colors_info=&#8220;{}&#8220;][et_pb_column type=&#8220;1_3&#8243; _builder_version=&#8220;4.22.1&#8243; _module_preset=&#8220;default&#8220; global_colors_info=&#8220;{}&#8220;][\/et_pb_column][et_pb_column type=&#8220;1_3&#8243; _builder_version=&#8220;4.22.1&#8243; _module_preset=&#8220;default&#8220; global_colors_info=&#8220;{}&#8220;][et_pb_code _builder_version=&#8220;4.22.1&#8243; _module_preset=&#8220;default&#8220; custom_margin=&#8220;-46px|||||&#8220; custom_padding=&#8220;|5px|1px|||&#8220; global_colors_info=&#8220;{}&#8220;]\t\t[\/et_pb_code][\/et_pb_column][et_pb_column type=&#8220;1_3&#8243; _builder_version=&#8220;4.22.1&#8243; _module_preset=&#8220;default&#8220; global_colors_info=&#8220;{}&#8220;][\/et_pb_column][\/et_pb_row][\/et_pb_section]<\/p>\n","protected":false},"excerpt":{"rendered":"<p>Star\u0161\u00ed \u017e\u00e1ci U15Tr\u00e9ninky: \u00dat 17:00 &#8211; 19:00 Z\u0160 Preislerova (velk\u00e1 hala) St 17:00 &#8211; 18:30 Z\u0160 Preislerova (mal\u00e1 hala) P\u00e1 16:30 &#8211; 18:00 Z\u0160 Preislerova (velk\u00e1 hala) &nbsp; Tren\u00e9\u0159i: Jan Leopold tel.: 605 344 819, e-mail: arw@seznam.cz &nbsp; Organiza\u010dn\u00ed pracovn\u00edk: Tom\u00e1\u0161 Peterka Tel.: 736 121 169,\u00a0e-mail:\u00a0peterka.t@bkberoun.czZ\u00e1pasy sez\u00f3na 2024\/25  <\/p>\n","protected":false},"author":1,"featured_media":0,"parent":0,"menu_order":0,"comment_status":"closed","ping_status":"closed","template":"","meta":{"_et_pb_use_builder":"on","_et_pb_old_content":"","_et_gb_content_width":"","om_disable_all_campaigns":false,"_monsterinsights_skip_tracking":false,"_monsterinsights_sitenote_active":false,"_monsterinsights_sitenote_note":"","_monsterinsights_sitenote_category":0,"_uf_show_specific_survey":0,"_uf_disable_surveys":false,"footnotes":""},"class_list":["post-1825","page","type-page","status-publish","hentry"],"aioseo_notices":[],"_links":{"self":[{"href":"https:\/\/www.bkberoun.cz\/index.php?rest_route=\/wp\/v2\/pages\/1825","targetHints":{"allow":["GET"]}}],"collection":[{"href":"https:\/\/www.bkberoun.cz\/index.php?rest_route=\/wp\/v2\/pages"}],"about":[{"href":"https:\/\/www.bkberoun.cz\/index.php?rest_route=\/wp\/v2\/types\/page"}],"author":[{"embeddable":true,"href":"https:\/\/www.bkberoun.cz\/index.php?rest_route=\/wp\/v2\/users\/1"}],"replies":[{"embeddable":true,"href":"https:\/\/www.bkberoun.cz\/index.php?rest_route=%2Fwp%2Fv2%2Fcomments&post=1825"}],"version-history":[{"count":13,"href":"https:\/\/www.bkberoun.cz\/index.php?rest_route=\/wp\/v2\/pages\/1825\/revisions"}],"predecessor-version":[{"id":2802,"href":"https:\/\/www.bkberoun.cz\/index.php?rest_route=\/wp\/v2\/pages\/1825\/revisions\/2802"}],"wp:attachment":[{"href":"https:\/\/www.bkberoun.cz\/index.php?rest_route=%2Fwp%2Fv2%2Fmedia&parent=1825"}],"curies":[{"name":"wp","href":"https:\/\/api.w.org\/{rel}","templated":true}]}}