{"id":1515,"date":"2023-08-03T17:13:57","date_gmt":"2023-08-03T16:13:57","guid":{"rendered":"http:\/\/www.bkberoun.cz.uvirt131.active24.cz\/?page_id=1515"},"modified":"2023-10-03T11:07:07","modified_gmt":"2023-10-03T10:07:07","slug":"historie-berounskeho-basketbalu","status":"publish","type":"page","link":"https:\/\/www.bkberoun.cz\/?page_id=1515","title":{"rendered":"Historie berounsk\u00e9ho basketbalu\u00a0"},"content":{"rendered":"[et_pb_section fb_built=&#8220;1&#8243; admin_label=&#8220;section&#8220; _builder_version=&#8220;4.16&#8243; global_colors_info=&#8220;{}&#8220;][et_pb_row admin_label=&#8220;row&#8220; _builder_version=&#8220;4.22.1&#8243; background_size=&#8220;initial&#8220; background_position=&#8220;top_left&#8220; background_repeat=&#8220;repeat&#8220; hover_enabled=&#8220;0&#8243; global_colors_info=&#8220;{}&#8220; custom_margin=&#8220;|240px||auto||&#8220; min_height=&#8220;3005px&#8220; module_alignment=&#8220;center&#8220; sticky_enabled=&#8220;0&#8243; custom_padding=&#8220;0px|||||&#8220;][et_pb_column type=&#8220;4_4&#8243; _builder_version=&#8220;4.16&#8243; custom_padding=&#8220;|||&#8220; global_colors_info=&#8220;{}&#8220; custom_padding__hover=&#8220;|||&#8220;][et_pb_text admin_label=&#8220;Text&#8220; _builder_version=&#8220;4.16&#8243; background_size=&#8220;initial&#8220; background_position=&#8220;top_left&#8220; background_repeat=&#8220;repeat&#8220; global_colors_info=&#8220;{}&#8220; width=&#8220;100%&#8220; custom_margin=&#8220;|0px||||&#8220;]<p><\/p>\n<p class=\"has-text-align-center has-large-font-size\" style=\"text-align: center;\"><strong>Historie<\/strong><strong> berounsk\u00e9ho basketbalu\u00a0<\/strong><\/p>\n<p><\/p>\n<p><\/p>\n<hr class=\"wp-block-separator has-alpha-channel-opacity\" \/>\n<p><\/p>\n<p><\/p>\n<p>Sport v Beroun\u011b m\u00e1 dalek\u00e9 ko\u0159eny. Ji\u017e v roce 1865 zde vznikla Berounsk\u00e1 t\u011blocvi\u010dn\u00e1 jednota Sokol.<br \/>V po\u010d\u00e1tc\u00edch se cvi\u010dilo na zahrad\u011b ml\u00fdna purkmistra Jana Seydla a v zim\u011b v dom\u011b \u010d\u00edslo 99 Ji\u0159\u00edho Bo\u0161ka.<br \/>D\u016fle\u017eit\u00fdm mezn\u00edkem v historii Sokola byla v\u00fdstavba t\u011blocvi\u010dny, kter\u00e1 byla otev\u0159ena 13. \u010dervna 1925.\u00a0<br \/>\u010cinnost Sokola se neomezovala jen na t\u011blocvik a po\u017e\u00e1rnickou pr\u00e1ci. Velmi aktivn\u011b se z\u00fa\u010dast\u0148ovali i ve\u0159ejn\u00e9ho \u017eivota. Beroun \u017eil tenkr\u00e1t Sokolem a Sokol byl du\u0161\u00ed tohoto m\u011bsta.\u00a0<br \/>V r\u00e1mci sjednocov\u00e1n\u00ed t\u011blov\u00fdchovy vznikla v Beroun\u011b v roce 1953 T\u011blov\u00fdchovn\u00e1 jednota LOKOMOTIVA BEROUN. Jednou ze zakl\u00e1daj\u00edc\u00edch slo\u017eek byla \u010d\u00e1st \u010dlensk\u00e9 z\u00e1kladny TJ SOKOL a odd\u00edly kopan\u00e9, ledn\u00edho hokeje, tenisu, ko\u0161\u00edkov\u00e9 a stoln\u00edho tenisu.\u00a0<br \/>Nejv\u011bt\u0161\u00edho rozkv\u011btu bylo dosa\u017eeno v 80. letech, kdy m\u011bla TJ p\u0159es 1300 \u010dlen\u016f. V r\u00e1mci TJ LOKOMOTIVA BEROUN se vyst\u0159\u00eddaly i takov\u00e9 sporty jako box, vzp\u00edr\u00e1n\u00ed, \u0161erm, h\u00e1zen\u00e1, ku\u017eelky, sportovn\u00ed st\u0159elba a hokejbal.\u00a0<br \/>Basketbal se v Beroun\u011b za\u010dal hr\u00e1t ji\u017e v roce 1934. Znalost t\u00e9to hry p\u0159inesli \u017e\u00e1ci gymn\u00e1zia R.a M.Kronusovi, K.Ho\u0159\u010di\u010dka a Fr.Kol\u00e1\u0159 z letn\u00edho t\u00e1bora, kter\u00fd po\u0159\u00e1dala u K\u00e1cova nad S\u00e1zavou YMCA (studentsk\u00fd spolek pro v\u00fdchovu ml\u00e1de\u017ee), velk\u00fd propag\u00e1tor t\u00e9to hry.<br \/>Prvn\u00ed z\u00e1pas byl sehr\u00e1n v roce 1935 a beroun\u0161t\u00ed porazili Blesk Praha 14:12. Z\u00e1sluhou t\u011blocvik\u00e1\u0159e A. Nov\u00e1ka bylo v roce 1946 vytvo\u0159eno dru\u017estvo je\u0161t\u011b pod Sokolem Beroun.\u00a0<br \/>Ko\u0161\u00edkov\u00e1 si v letech 1948-49 z\u00edskala takovou popularitu, \u017ee nebylo v\u00fdjimkou, kdy\u017e byla sokolovna vyprod\u00e1na i na p\u0159\u00e1telsk\u00e1 utk\u00e1n\u00ed.\u00a0<br \/>V letech 1950-52 zas\u00e1hla berounskou ko\u0161\u00edkovou do\u010dasn\u00e1 stagnace. \u010cinnost se pozd\u011bji op\u011bt za\u010d\u00edn\u00e1 rozb\u00edhat, te\u010f ji\u017e ale pod TJ LOKOMOTIVA. Z\u00e1klad pozd\u011bji \u00fasp\u011b\u0161n\u00e9ho dru\u017estva mu\u017e\u016f tvo\u0159ili chlapci gymn\u00e1zia, z nich A.Kozel a prof. Fr. Ma\u0161ek po ukon\u010den\u00ed hr\u00e1\u010dsk\u00e9ho p\u016fsoben\u00ed pracovali v odd\u00edlu jako tren\u00e9\u0159i.\u00a0<\/p>\n<p><\/p>\n<p><\/p>\n<figure class=\"wp-block-image aligncenter size-full is-resized\"><img loading=\"lazy\" decoding=\"async\" src=\"http:\/\/www.bkberoun.cz.uvirt131.active24.cz\/wp-content\/uploads\/2023\/08\/oldbasket.jpeg\" alt=\"\" class=\"wp-image-1516\" width=\"330\" height=\"249\" srcset=\"https:\/\/www.bkberoun.cz\/wp-content\/uploads\/2023\/08\/oldbasket.jpeg 258w, https:\/\/www.bkberoun.cz\/wp-content\/uploads\/2023\/08\/oldbasket-128x97.jpeg 128w, https:\/\/www.bkberoun.cz\/wp-content\/uploads\/2023\/08\/oldbasket-32x24.jpeg 32w, https:\/\/www.bkberoun.cz\/wp-content\/uploads\/2023\/08\/oldbasket-98x74.jpeg 98w, https:\/\/www.bkberoun.cz\/wp-content\/uploads\/2023\/08\/oldbasket-160x120.jpeg 160w\" sizes=\"auto, (max-width: 330px) 100vw, 330px\" \/><\/figure>\n<p><\/p>\n<p><\/p>\n<p>Rok 1960-61 ji\u017e p\u0159in\u00e1\u0161\u00ed titul p\u0159eborn\u00edka St\u0159edo\u010desk\u00e9ho kraje v kategorii mu\u017e\u016f a postup do II.ligy. Ov\u0161em odchod n\u011bkter\u00fdch hr\u00e1\u010d\u016f na vojenskou z\u00e1kladn\u00ed slu\u017ebu zp\u016fsobil sestup t\u00fdmu zp\u011bt do krajsk\u00e9ho p\u0159eboru, kde dru\u017estvo hr\u00e1lo \u010dty\u0159i roky a pot\u00e9 se rozpadlo.\u00a0<br \/>K dal\u0161\u00edmu vzestupu berounsk\u00e9 ko\u0161\u00edkov\u00e9 doch\u00e1z\u00ed po v\u00fdm\u011bn\u011b \u010dinovn\u00edk\u016f v odd\u00edle, veden\u00ed p\u0159eb\u00edr\u00e1 R. Kraus. Znovu zalo\u017een\u00e9 dru\u017estvo mu\u017e\u016f op\u011bt vyhr\u00e1v\u00e1. Postupn\u011b se dost\u00e1v\u00e1 a\u017e do krajsk\u00e9ho p\u0159eboru a o\u010dek\u00e1val se postup do vy\u0161\u0161\u00ed sout\u011b\u017ee. K tomu v\u0161ak nedojde vzhledem k tragick\u00e9 smrti kapit\u00e1na dru\u017estva Pavla Kassela, co\u017e velmi ovlivnilo cel\u00fd v\u00fdkon dru\u017estva.\u00a0<br \/>Cel\u00e9 dal\u0161\u00ed dva roky trv\u00e1, ne\u017e se dru\u017estvo mu\u017e\u016f dopln\u00ed a a\u017e po cel\u00fdch 14 letech, tedy v roce 1977, vyhr\u00e1v\u00e1 Beroun titul p\u0159eborn\u00edka kraje.\u00a0<br \/>Z\u00e1klad dru\u017estva \u017een, kter\u00e9 rovn\u011b\u017e vroce 1960-61 vyhr\u00e1lo krajsk\u00fd p\u0159ebor a postoupilo do II.ligy, tvo\u0159ily dorostenky, kter\u00e9 p\u0159ed t\u00edm p\u011btkr\u00e1t z\u00edskaly titul p\u0159eborn\u00edka st\u0159edo\u010desk\u00e9ho kraje. Po t\u0159ech letech z II.ligy sestoupilo. Po roce hry v krajsk\u00e9m p\u0159eboru se dru\u017estva \u017een uj\u00edm\u00e1 L.Slaboch a pod jeho veden\u00edm z\u00edsk\u00e1v\u00e1 dru\u017estvo op\u011bt titul p\u0159eborn\u00edka St\u0159edo\u010desk\u00e9ho kraje a postupuje do II.ligy. V roce 1970 p\u0159estupuj\u00ed do Berouna zaslou\u017eil\u00e1 mistryn\u011b sportu Dagmar Hub\u00e1lkov\u00e1 a mistryn\u011b sportu Jaroslava Mayerov\u00e1. Ob\u011b vysoko pozvedly \u00farove\u0148 berounsk\u00e9 \u017eensk\u00e9 ko\u0161\u00edkov\u00e9. Vedle nich vyrostla \u0159ada hr\u00e1\u010dek a tak dru\u017estvo \u017een postupuje z II.ligy do N\u00e1rodn\u00ed ligy \u017een.\u00a0<\/p>\n<p>Od roku 1971 odd\u00edl d\u00e1le roz\u0161i\u0159uje \u010dinnost, z\u0159izuj\u00ed se dal\u0161\u00ed celky ml\u00e1de\u017ee, odd\u00edl z\u00edsk\u00e1v\u00e1 z \u0159ad rodi\u010d\u016f dal\u0161\u00ed schopn\u00e9 \u010dinovn\u00edky, k tren\u00e9rsk\u00e9 pr\u00e1ci jsou z\u00edsk\u00e1v\u00e1ni b\u00fdval\u00ed hr\u00e1\u010di a hr\u00e1\u010dky a pochopen\u00ed hlavn\u00edho v\u00fdboru TJ LOKOMOTIVY vytv\u00e1\u0159\u00ed pro odd\u00edl dobr\u00e9 z\u00e1zem\u00ed.\u00a0<br \/>V roce 1975 z\u00edsk\u00e1v\u00e1 odd\u00edl t\u0159i tituly p\u0159eborn\u00edk\u016f kraje \u2013 mu\u017ei A, \u017e\u00e1kyn\u011b a mini\u017e\u00e1kyn\u011b, \u017eeny hraj\u00ed N\u00e1rodn\u00ed ligu.\u00a0<br \/>V roce\u00a0 1977 z\u00edsk\u00e1vaj\u00ed mu\u017ei titul p\u0159eborn\u00edka kraje a postupuj\u00ed do II.ligy. V t\u00e9m\u017ee roce p\u0159estupuj\u00ed mini\u017e\u00e1kyn\u011b do kategorie \u017e\u00e1ky\u0148, vyhr\u00e1vaj\u00ed bez por\u00e1\u017eky a postupuj\u00ed do p\u0159eboru \u010cSR. Toto dru\u017estvo z\u00edsk\u00e1v\u00e1 \u0159adu \u00fasp\u011bch\u016f na celost\u00e1tn\u00edch sout\u011b\u017e\u00edch a v roce 1978 op\u011bt vyhr\u00e1v\u00e1 titul p\u0159eborn\u00edka kraje bez por\u00e1\u017eky. Stejn\u00fdm \u00fasp\u011bchem se mohou pochlubit \u017e\u00e1ci, kte\u0159\u00ed rovn\u011b\u017e postupuj\u00ed do fin\u00e1le p\u0159eboru \u010cSR. I dal\u0161\u00ed ml\u00e1de\u017enick\u00e1 dru\u017estva dosahuj\u00ed velmi p\u011bkn\u00fdch v\u00fdsledk\u016f v krajsk\u00e9m p\u0159eboru:mini\u017e\u00e1kyn\u011b 2.m\u00edsto, mini\u017e\u00e1ci 3.m\u00edsto, ml.dorostenci 5.m\u00edsto, st.dorostenky 3.m\u00edsto<\/p>\n<p><\/p>\n<p><\/p>\n<p>\u010cinnost odd\u00edlu pokra\u010duje s men\u0161\u00edmi \u010di v\u011bt\u0161\u00edmi \u00fasp\u011bchy do sou\u010dasnosti.\u00a0<\/p>\n<p>Autor: Andrej Strach<\/p>\n<p><\/p>[\/et_pb_text][\/et_pb_column][\/et_pb_row][\/et_pb_section]","protected":false},"excerpt":{"rendered":"<p>Historie berounsk\u00e9ho basketbalu\u00a0 Sport v Beroun\u011b m\u00e1 dalek\u00e9 ko\u0159eny. Ji\u017e v roce 1865 zde vznikla Berounsk\u00e1 t\u011blocvi\u010dn\u00e1 jednota Sokol.V po\u010d\u00e1tc\u00edch se cvi\u010dilo na zahrad\u011b ml\u00fdna purkmistra Jana Seydla a v zim\u011b v dom\u011b \u010d\u00edslo 99 Ji\u0159\u00edho Bo\u0161ka.D\u016fle\u017eit\u00fdm mezn\u00edkem v historii Sokola byla v\u00fdstavba t\u011blocvi\u010dny, kter\u00e1 byla otev\u0159ena 13. \u010dervna 1925.\u00a0\u010cinnost Sokola se neomezovala jen na [&hellip;]<\/p>\n","protected":false},"author":1,"featured_media":0,"parent":0,"menu_order":0,"comment_status":"closed","ping_status":"closed","template":"","meta":{"_et_pb_use_builder":"on","_et_pb_old_content":"<!-- wp:paragraph {\"align\":\"center\",\"fontSize\":\"large\"} -->\n<p class=\"has-text-align-center has-large-font-size\"><strong>Historie berounsk\u00e9ho basketbalu\u00a0<\/strong><\/p>\n<!-- \/wp:paragraph -->\n\n<!-- wp:separator -->\n<hr class=\"wp-block-separator has-alpha-channel-opacity\"\/>\n<!-- \/wp:separator -->\n\n<!-- wp:paragraph -->\n<p>Sport v Beroun\u011b m\u00e1 dalek\u00e9 ko\u0159eny. Ji\u017e v roce 1865 zde vznikla Berounsk\u00e1 t\u011blocvi\u010dn\u00e1 jednota Sokol.<br>V po\u010d\u00e1tc\u00edch se cvi\u010dilo na zahrad\u011b ml\u00fdna purkmistra Jana Seydla a v zim\u011b v dom\u011b \u010d\u00edslo 99 Ji\u0159\u00edho Bo\u0161ka.<br>D\u016fle\u017eit\u00fdm mezn\u00edkem v historii Sokola byla v\u00fdstavba t\u011blocvi\u010dny, kter\u00e1 byla otev\u0159ena 13. \u010dervna 1925.\u00a0<br>\u010cinnost Sokola se neomezovala jen na t\u011blocvik a po\u017e\u00e1rnickou pr\u00e1ci. Velmi aktivn\u011b se z\u00fa\u010dast\u0148ovali i ve\u0159ejn\u00e9ho \u017eivota. Beroun \u017eil tenkr\u00e1t Sokolem a Sokol byl du\u0161\u00ed tohoto m\u011bsta.\u00a0<br>V r\u00e1mci sjednocov\u00e1n\u00ed t\u011blov\u00fdchovy vznikla v Beroun\u011b v roce 1953 T\u011blov\u00fdchovn\u00e1 jednota LOKOMOTIVA BEROUN. Jednou ze zakl\u00e1daj\u00edc\u00edch slo\u017eek byla \u010d\u00e1st \u010dlensk\u00e9 z\u00e1kladny TJ SOKOL a odd\u00edly kopan\u00e9, ledn\u00edho hokeje, tenisu, ko\u0161\u00edkov\u00e9 a stoln\u00edho tenisu.\u00a0<br>Nejv\u011bt\u0161\u00edho rozkv\u011btu bylo dosa\u017eeno v 80. letech, kdy m\u011bla TJ p\u0159es 1300 \u010dlen\u016f. V r\u00e1mci TJ LOKOMOTIVA BEROUN se vyst\u0159\u00eddaly i takov\u00e9 sporty jako box, vzp\u00edr\u00e1n\u00ed, \u0161erm, h\u00e1zen\u00e1, ku\u017eelky, sportovn\u00ed st\u0159elba a hokejbal.\u00a0<br>Basketbal se v Beroun\u011b za\u010dal hr\u00e1t ji\u017e v roce 1934. Znalost t\u00e9to hry p\u0159inesli \u017e\u00e1ci gymn\u00e1zia R.a M.Kronusovi, K.Ho\u0159\u010di\u010dka a Fr.Kol\u00e1\u0159 z letn\u00edho t\u00e1bora, kter\u00fd po\u0159\u00e1dala u K\u00e1cova nad S\u00e1zavou YMCA (studentsk\u00fd spolek pro v\u00fdchovu ml\u00e1de\u017ee), velk\u00fd propag\u00e1tor t\u00e9to hry.<br>Prvn\u00ed z\u00e1pas byl sehr\u00e1n v roce 1935 a beroun\u0161t\u00ed porazili Blesk Praha 14:12. Z\u00e1sluhou t\u011blocvik\u00e1\u0159e A. Nov\u00e1ka bylo v roce 1946 vytvo\u0159eno dru\u017estvo je\u0161t\u011b pod Sokolem Beroun.\u00a0<br>Ko\u0161\u00edkov\u00e1 si v letech 1948-49 z\u00edskala takovou popularitu, \u017ee nebylo v\u00fdjimkou, kdy\u017e byla sokolovna vyprod\u00e1na i na p\u0159\u00e1telsk\u00e1 utk\u00e1n\u00ed.\u00a0<br>V letech 1950-52 zas\u00e1hla berounskou ko\u0161\u00edkovou do\u010dasn\u00e1 stagnace. \u010cinnost se pozd\u011bji op\u011bt za\u010d\u00edn\u00e1 rozb\u00edhat, te\u010f ji\u017e ale pod TJ LOKOMOTIVA. Z\u00e1klad pozd\u011bji \u00fasp\u011b\u0161n\u00e9ho dru\u017estva mu\u017e\u016f tvo\u0159ili chlapci gymn\u00e1zia, z nich A.Kozel a prof. Fr. Ma\u0161ek po ukon\u010den\u00ed hr\u00e1\u010dsk\u00e9ho p\u016fsoben\u00ed pracovali v odd\u00edlu jako tren\u00e9\u0159i.\u00a0<\/p>\n<!-- \/wp:paragraph -->\n\n<!-- wp:image {\"align\":\"center\",\"id\":1516,\"width\":330,\"height\":249,\"sizeSlug\":\"full\",\"linkDestination\":\"none\"} -->\n<figure class=\"wp-block-image aligncenter size-full is-resized\"><img src=\"http:\/\/www.bkberoun.cz.uvirt131.active24.cz\/wp-content\/uploads\/2023\/08\/oldbasket.jpeg\" alt=\"\" class=\"wp-image-1516\" width=\"330\" height=\"249\"\/><\/figure>\n<!-- \/wp:image -->\n\n<!-- wp:paragraph -->\n<p><br>Rok 1960-61 ji\u017e p\u0159in\u00e1\u0161\u00ed titul p\u0159eborn\u00edka St\u0159edo\u010desk\u00e9ho kraje v kategorii mu\u017e\u016f a postup do II.ligy. Ov\u0161em odchod n\u011bkter\u00fdch hr\u00e1\u010d\u016f na vojenskou z\u00e1kladn\u00ed slu\u017ebu zp\u016fsobil sestup t\u00fdmu zp\u011bt do krajsk\u00e9ho p\u0159eboru, kde dru\u017estvo hr\u00e1lo \u010dty\u0159i roky a pot\u00e9 se rozpadlo.\u00a0<br>K dal\u0161\u00edmu vzestupu berounsk\u00e9 ko\u0161\u00edkov\u00e9 doch\u00e1z\u00ed po v\u00fdm\u011bn\u011b \u010dinovn\u00edk\u016f v odd\u00edle, veden\u00ed p\u0159eb\u00edr\u00e1 R. Kraus. Znovu zalo\u017een\u00e9 dru\u017estvo mu\u017e\u016f op\u011bt vyhr\u00e1v\u00e1. Postupn\u011b se dost\u00e1v\u00e1 a\u017e do krajsk\u00e9ho p\u0159eboru a o\u010dek\u00e1val se postup do vy\u0161\u0161\u00ed sout\u011b\u017ee. K tomu v\u0161ak nedojde vzhledem k tragick\u00e9 smrti kapit\u00e1na dru\u017estva Pavla Kassela, co\u017e velmi ovlivnilo cel\u00fd v\u00fdkon dru\u017estva.\u00a0<br>Cel\u00e9 dal\u0161\u00ed dva roky trv\u00e1, ne\u017e se dru\u017estvo mu\u017e\u016f dopln\u00ed a a\u017e po cel\u00fdch 14 letech, tedy v roce 1977, vyhr\u00e1v\u00e1 Beroun titul p\u0159eborn\u00edka kraje.\u00a0<br>Z\u00e1klad dru\u017estva \u017een, kter\u00e9 rovn\u011b\u017e vroce 1960-61 vyhr\u00e1lo krajsk\u00fd p\u0159ebor a postoupilo do II.ligy, tvo\u0159ily dorostenky, kter\u00e9 p\u0159ed t\u00edm p\u011btkr\u00e1t z\u00edskaly titul p\u0159eborn\u00edka st\u0159edo\u010desk\u00e9ho kraje. Po t\u0159ech letech z II.ligy sestoupilo. Po roce hry v krajsk\u00e9m p\u0159eboru se dru\u017estva \u017een uj\u00edm\u00e1 L.Slaboch a pod jeho veden\u00edm z\u00edsk\u00e1v\u00e1 dru\u017estvo op\u011bt titul p\u0159eborn\u00edka St\u0159edo\u010desk\u00e9ho kraje a postupuje do II.ligy. V roce 1970 p\u0159estupuj\u00ed do Berouna zaslou\u017eil\u00e1 mistryn\u011b sportu Dagmar Hub\u00e1lkov\u00e1 a mistryn\u011b sportu Jaroslava Mayerov\u00e1. Ob\u011b vysoko pozvedly \u00farove\u0148 berounsk\u00e9 \u017eensk\u00e9 ko\u0161\u00edkov\u00e9. Vedle nich vyrostla \u0159ada hr\u00e1\u010dek a tak dru\u017estvo \u017een postupuje z II.ligy do N\u00e1rodn\u00ed ligy \u017een.\u00a0<br><br>Od roku 1971 odd\u00edl d\u00e1le roz\u0161i\u0159uje \u010dinnost, z\u0159izuj\u00ed se dal\u0161\u00ed celky ml\u00e1de\u017ee, odd\u00edl z\u00edsk\u00e1v\u00e1 z \u0159ad rodi\u010d\u016f dal\u0161\u00ed schopn\u00e9 \u010dinovn\u00edky, k tren\u00e9rsk\u00e9 pr\u00e1ci jsou z\u00edsk\u00e1v\u00e1ni b\u00fdval\u00ed hr\u00e1\u010di a hr\u00e1\u010dky a pochopen\u00ed hlavn\u00edho v\u00fdboru TJ LOKOMOTIVY vytv\u00e1\u0159\u00ed pro odd\u00edl dobr\u00e9 z\u00e1zem\u00ed.\u00a0<br>V roce 1975 z\u00edsk\u00e1v\u00e1 odd\u00edl t\u0159i tituly p\u0159eborn\u00edk\u016f kraje \u2013 mu\u017ei A, \u017e\u00e1kyn\u011b a mini\u017e\u00e1kyn\u011b, \u017eeny hraj\u00ed N\u00e1rodn\u00ed ligu.\u00a0<br>V roce\u00a0 1977 z\u00edsk\u00e1vaj\u00ed mu\u017ei titul p\u0159eborn\u00edka kraje a postupuj\u00ed do II.ligy. V t\u00e9m\u017ee roce p\u0159estupuj\u00ed mini\u017e\u00e1kyn\u011b do kategorie \u017e\u00e1ky\u0148, vyhr\u00e1vaj\u00ed bez por\u00e1\u017eky a postupuj\u00ed do p\u0159eboru \u010cSR. Toto dru\u017estvo z\u00edsk\u00e1v\u00e1 \u0159adu \u00fasp\u011bch\u016f na celost\u00e1tn\u00edch sout\u011b\u017e\u00edch a v roce 1978 op\u011bt vyhr\u00e1v\u00e1 titul p\u0159eborn\u00edka kraje bez por\u00e1\u017eky. Stejn\u00fdm \u00fasp\u011bchem se mohou pochlubit \u017e\u00e1ci, kte\u0159\u00ed rovn\u011b\u017e postupuj\u00ed do fin\u00e1le p\u0159eboru \u010cSR. I dal\u0161\u00ed ml\u00e1de\u017enick\u00e1 dru\u017estva dosahuj\u00ed velmi p\u011bkn\u00fdch v\u00fdsledk\u016f v krajsk\u00e9m p\u0159eboru:mini\u017e\u00e1kyn\u011b 2.m\u00edsto, mini\u017e\u00e1ci 3.m\u00edsto, ml.dorostenci 5.m\u00edsto, st.dorostenky 3.m\u00edsto<\/p>\n<!-- \/wp:paragraph -->\n\n<!-- wp:paragraph -->\n<p>\u010cinnost odd\u00edlu pokra\u010duje s men\u0161\u00edmi \u010di v\u011bt\u0161\u00edmi \u00fasp\u011bchy do sou\u010dasnosti.\u00a0<br><br>Autor: Andrej Strach<\/p>\n<!-- \/wp:paragraph -->","_et_gb_content_width":"","om_disable_all_campaigns":false,"_monsterinsights_skip_tracking":false,"_monsterinsights_sitenote_active":false,"_monsterinsights_sitenote_note":"","_monsterinsights_sitenote_category":0,"_uf_show_specific_survey":0,"_uf_disable_surveys":false,"footnotes":""},"class_list":["post-1515","page","type-page","status-publish","hentry"],"aioseo_notices":[],"_links":{"self":[{"href":"https:\/\/www.bkberoun.cz\/index.php?rest_route=\/wp\/v2\/pages\/1515","targetHints":{"allow":["GET"]}}],"collection":[{"href":"https:\/\/www.bkberoun.cz\/index.php?rest_route=\/wp\/v2\/pages"}],"about":[{"href":"https:\/\/www.bkberoun.cz\/index.php?rest_route=\/wp\/v2\/types\/page"}],"author":[{"embeddable":true,"href":"https:\/\/www.bkberoun.cz\/index.php?rest_route=\/wp\/v2\/users\/1"}],"replies":[{"embeddable":true,"href":"https:\/\/www.bkberoun.cz\/index.php?rest_route=%2Fwp%2Fv2%2Fcomments&post=1515"}],"version-history":[{"count":6,"href":"https:\/\/www.bkberoun.cz\/index.php?rest_route=\/wp\/v2\/pages\/1515\/revisions"}],"predecessor-version":[{"id":2304,"href":"https:\/\/www.bkberoun.cz\/index.php?rest_route=\/wp\/v2\/pages\/1515\/revisions\/2304"}],"wp:attachment":[{"href":"https:\/\/www.bkberoun.cz\/index.php?rest_route=%2Fwp%2Fv2%2Fmedia&parent=1515"}],"curies":[{"name":"wp","href":"https:\/\/api.w.org\/{rel}","templated":true}]}}