{"id":1513,"date":"2023-08-03T16:59:14","date_gmt":"2023-08-03T15:59:14","guid":{"rendered":"http:\/\/www.bkberoun.cz.uvirt131.active24.cz\/?page_id=1513"},"modified":"2023-10-03T11:10:31","modified_gmt":"2023-10-03T10:10:31","slug":"o-klubu-2","status":"publish","type":"page","link":"https:\/\/www.bkberoun.cz\/?page_id=1513","title":{"rendered":"O klubu"},"content":{"rendered":"[et_pb_section fb_built=&#8220;1&#8243; admin_label=&#8220;section&#8220; _builder_version=&#8220;4.16&#8243; global_colors_info=&#8220;{}&#8220;][et_pb_row admin_label=&#8220;row&#8220; _builder_version=&#8220;4.22.1&#8243; background_size=&#8220;initial&#8220; background_position=&#8220;top_left&#8220; background_repeat=&#8220;repeat&#8220; hover_enabled=&#8220;0&#8243; global_colors_info=&#8220;{}&#8220; module_alignment=&#8220;center&#8220; sticky_enabled=&#8220;0&#8243;][et_pb_column type=&#8220;4_4&#8243; _builder_version=&#8220;4.16&#8243; custom_padding=&#8220;|||&#8220; global_colors_info=&#8220;{}&#8220; custom_padding__hover=&#8220;|||&#8220;][et_pb_text admin_label=&#8220;Text&#8220; _builder_version=&#8220;4.16&#8243; background_size=&#8220;initial&#8220; background_position=&#8220;top_left&#8220; background_repeat=&#8220;repeat&#8220; global_colors_info=&#8220;{}&#8220;]\n<p class=\"has-text-align-center has-medium-font-size\">Basketbalov\u00fd klub Beroun,z.s.<\/p>\n\n\n\n<hr class=\"wp-block-separator has-alpha-channel-opacity\"\/>\n\n\n\n<ul class=\"wp-block-list\">\n<li>ID klubu: 1504<\/li>\n\n\n\n<li>I\u010c: 47560720<\/li>\n\n\n\n<li>zkr\u00e1cen\u00fd n\u00e1zev:&nbsp;<strong>BK Beroun<\/strong>&nbsp;variabiln\u00ed symbol:&nbsp;<strong>2006<\/strong><\/li>\n<\/ul>\n\n\n\n<ul class=\"wp-block-list\">\n<li>adresa: Slava\u0161ovsk\u00e1 575\/18, Beroun-Z\u00e1vod\u00ed, PS\u010c 266 01<\/li>\n\n\n\n<li>www:&nbsp;www.bkberoun.cz<\/li>\n<\/ul>\n\n\n\n<h3 class=\"wp-block-heading\">Kontaktn\u00ed osoby<\/h3>\n\n\n\n<ul class=\"wp-block-list\">\n<li><strong>organiza\u010dn\u00ed pracovn\u00edk<\/strong>\u00a0(od 2019-07-30): Tom\u00e1\u0161 Peterka\n<ul class=\"wp-block-list\">\n<li>adresa: Ko\u0161\u0165\u00e1lkova 1360 , Beroun, PS\u010c 266 01<\/li>\n\n\n\n<li>telefon: 736 121 169<\/li>\n\n\n\n<li>email:&nbsp;peterka.t(@)bkberoun.cz<\/li>\n<\/ul>\n<\/li>\n\n\n\n<li><strong>p\u0159edseda<\/strong>\u00a0(od 2019-07-07): Petr Peterka\n<ul class=\"wp-block-list\">\n<li>adresa: Bezru\u010dova 1410 , Beroun, PS\u010c 26601<\/li>\n\n\n\n<li>telefon: 311 652 198<\/li>\n\n\n\n<li>telefon: 605 845 482<\/li>\n\n\n\n<li>email:&nbsp;peterka.p(@)bkberoun.cz<\/li>\n<\/ul>\n<\/li>\n\n\n\n<li><strong>m\u00edstop\u0159edseda<\/strong>\u00a0(od 2019-07-07): Filip Ka\u0161t\u00e1nek\n<ul class=\"wp-block-list\">\n<li>adresa: B\u011ble\u010d 721 , Lite\u0148, PS\u010c 267 27<\/li>\n\n\n\n<li>telefon: 724 353 754<\/li>\n\n\n\n<li>email:&nbsp;filip(@)kastanek.cz<\/li>\n<\/ul>\n<\/li>\n\n\n\n<li><strong>\u010dlen v\u00fdboru<\/strong>\u00a0: Gabriela Hoffmanov\u00e1\n<ul class=\"wp-block-list\">\n<li>adresa: Slava\u0161ovsk\u00e1 575\/18 , Beroun, PS\u010c 266 01<\/li>\n\n\n\n<li>telefon: 605 430 765<\/li>\n\n\n\n<li>email:&nbsp;ghoffmannova(@)seznam.cz<\/li>\n<\/ul>\n<\/li>\n\n\n\n<li><strong>\u010dlen v\u00fdboru<\/strong>\u00a0(od 2009-08-28): Mgr. Martin \u0160a\u0161ek\n<ul class=\"wp-block-list\">\n<li>adresa: Slava\u0161ovsk\u00e1 575\/18 , Beroun, PS\u010c 266 01<\/li>\n\n\n\n<li>telefon: 311 626 164<\/li>\n\n\n\n<li>telefon: 736 608 317<\/li>\n\n\n\n<li>fax: 311 626 164<\/li>\n\n\n\n<li>email:\u00a0usasasa(@)hotmail.com\u00a0<\/li>\n<\/ul>\n<\/li>\n<\/ul>\n\n\n\n<h3 class=\"wp-block-heading\">Historie klubu<\/h3>\n\n\n\n<ul class=\"wp-block-list\">\n<li>BC Beroun&nbsp;(od 2003-07-31 do 2004-09-30)<\/li>\n\n\n\n<li>Basketbalov\u00fd klub Beroun&nbsp;(od 2004-09-30 do 2007-07-30)<\/li>\n\n\n\n<li>BK Beroun&nbsp;(od 2007-07-30 do 2009-08-24)<\/li>\n\n\n\n<li>Basketbalov\u00fd klub Beroun,z.s.&nbsp;(od 2009-08-24)<\/li>\n<\/ul>\n[\/et_pb_text][\/et_pb_column][\/et_pb_row][\/et_pb_section]","protected":false},"excerpt":{"rendered":"<p>Basketbalov\u00fd klub Beroun,z.s. ID klubu: 1504 I\u010c: 47560720 zkr\u00e1cen\u00fd n\u00e1zev:&nbsp;BK Beroun&nbsp;variabiln\u00ed symbol:&nbsp;2006 adresa: Slava\u0161ovsk\u00e1 575\/18, Beroun-Z\u00e1vod\u00ed, PS\u010c 266 01 www:&nbsp;www.bkberoun.cz Kontaktn\u00ed osoby organiza\u010dn\u00ed pracovn\u00edk\u00a0(od 2019-07-30): Tom\u00e1\u0161 Peterka adresa: Ko\u0161\u0165\u00e1lkova 1360 , Beroun, PS\u010c 266 01 telefon: 736 121 169 email:&nbsp;peterka.t(@)bkberoun.cz p\u0159edseda\u00a0(od 2019-07-07): Petr Peterka adresa: Bezru\u010dova 1410 , Beroun, PS\u010c 26601 telefon: 311 652 198 [&hellip;]<\/p>\n","protected":false},"author":1,"featured_media":0,"parent":0,"menu_order":0,"comment_status":"closed","ping_status":"closed","template":"","meta":{"_et_pb_use_builder":"on","_et_pb_old_content":"<!-- wp:paragraph {\"align\":\"center\",\"fontSize\":\"medium\"} -->\n<p class=\"has-text-align-center has-medium-font-size\">Basketbalov\u00fd klub Beroun,z.s.<\/p>\n<!-- \/wp:paragraph -->\n\n<!-- wp:separator -->\n<hr class=\"wp-block-separator has-alpha-channel-opacity\"\/>\n<!-- \/wp:separator -->\n\n<!-- wp:list -->\n<ul><!-- wp:list-item -->\n<li>ID klubu: 1504<\/li>\n<!-- \/wp:list-item -->\n\n<!-- wp:list-item -->\n<li>I\u010c: 47560720<\/li>\n<!-- \/wp:list-item -->\n\n<!-- wp:list-item -->\n<li>zkr\u00e1cen\u00fd n\u00e1zev:&nbsp;<strong>BK Beroun<\/strong>&nbsp;variabiln\u00ed symbol:&nbsp;<strong>2006<\/strong><\/li>\n<!-- \/wp:list-item --><\/ul>\n<!-- \/wp:list -->\n\n<!-- wp:list -->\n<ul><!-- wp:list-item -->\n<li>adresa: Slava\u0161ovsk\u00e1 575\/18, Beroun-Z\u00e1vod\u00ed, PS\u010c 266 01<\/li>\n<!-- \/wp:list-item -->\n\n<!-- wp:list-item -->\n<li>www:&nbsp;www.bkberoun.cz<\/li>\n<!-- \/wp:list-item --><\/ul>\n<!-- \/wp:list -->\n\n<!-- wp:heading {\"level\":3} -->\n<h3 class=\"wp-block-heading\">Kontaktn\u00ed osoby<\/h3>\n<!-- \/wp:heading -->\n\n<!-- wp:list -->\n<ul><!-- wp:list-item -->\n<li><strong>organiza\u010dn\u00ed pracovn\u00edk<\/strong>\u00a0(od 2019-07-30): Tom\u00e1\u0161 Peterka<!-- wp:list -->\n<ul><!-- wp:list-item -->\n<li>adresa: Ko\u0161\u0165\u00e1lkova 1360 , Beroun, PS\u010c 266 01<\/li>\n<!-- \/wp:list-item -->\n\n<!-- wp:list-item -->\n<li>telefon: 736 121 169<\/li>\n<!-- \/wp:list-item -->\n\n<!-- wp:list-item -->\n<li>email:&nbsp;peterka.t(@)bkberoun.cz<\/li>\n<!-- \/wp:list-item --><\/ul>\n<!-- \/wp:list --><\/li>\n<!-- \/wp:list-item -->\n\n<!-- wp:list-item -->\n<li><strong>p\u0159edseda<\/strong>\u00a0(od 2019-07-07): Petr Peterka<!-- wp:list -->\n<ul><!-- wp:list-item -->\n<li>adresa: Bezru\u010dova 1410 , Beroun, PS\u010c 26601<\/li>\n<!-- \/wp:list-item -->\n\n<!-- wp:list-item -->\n<li>telefon: 311 652 198<\/li>\n<!-- \/wp:list-item -->\n\n<!-- wp:list-item -->\n<li>telefon: 605 845 482<\/li>\n<!-- \/wp:list-item -->\n\n<!-- wp:list-item -->\n<li>email:&nbsp;peterka.p(@)bkberoun.cz<\/li>\n<!-- \/wp:list-item --><\/ul>\n<!-- \/wp:list --><\/li>\n<!-- \/wp:list-item -->\n\n<!-- wp:list-item -->\n<li><strong>m\u00edstop\u0159edseda<\/strong>\u00a0(od 2019-07-07): Filip Ka\u0161t\u00e1nek<!-- wp:list -->\n<ul><!-- wp:list-item -->\n<li>adresa: B\u011ble\u010d 721 , Lite\u0148, PS\u010c 267 27<\/li>\n<!-- \/wp:list-item -->\n\n<!-- wp:list-item -->\n<li>telefon: 724 353 754<\/li>\n<!-- \/wp:list-item -->\n\n<!-- wp:list-item -->\n<li>email:&nbsp;filip(@)kastanek.cz<\/li>\n<!-- \/wp:list-item --><\/ul>\n<!-- \/wp:list --><\/li>\n<!-- \/wp:list-item -->\n\n<!-- wp:list-item -->\n<li><strong>\u010dlen v\u00fdboru<\/strong>\u00a0: Gabriela Hoffmanov\u00e1<!-- wp:list -->\n<ul><!-- wp:list-item -->\n<li>adresa: Slava\u0161ovsk\u00e1 575\/18 , Beroun, PS\u010c 266 01<\/li>\n<!-- \/wp:list-item -->\n\n<!-- wp:list-item -->\n<li>telefon: 605 430 765<\/li>\n<!-- \/wp:list-item -->\n\n<!-- wp:list-item -->\n<li>email:&nbsp;ghoffmannova(@)seznam.cz<\/li>\n<!-- \/wp:list-item --><\/ul>\n<!-- \/wp:list --><\/li>\n<!-- \/wp:list-item -->\n\n<!-- wp:list-item -->\n<li><strong>\u010dlen v\u00fdboru<\/strong>\u00a0(od 2009-08-28): Mgr. Martin \u0160a\u0161ek<!-- wp:list -->\n<ul><!-- wp:list-item -->\n<li>adresa: Slava\u0161ovsk\u00e1 575\/18 , Beroun, PS\u010c 266 01<\/li>\n<!-- \/wp:list-item -->\n\n<!-- wp:list-item -->\n<li>telefon: 311 626 164<\/li>\n<!-- \/wp:list-item -->\n\n<!-- wp:list-item -->\n<li>telefon: 736 608 317<\/li>\n<!-- \/wp:list-item -->\n\n<!-- wp:list-item -->\n<li>fax: 311 626 164<\/li>\n<!-- \/wp:list-item -->\n\n<!-- wp:list-item -->\n<li>email:\u00a0usasasa(@)hotmail.com\u00a0<\/li>\n<!-- \/wp:list-item --><\/ul>\n<!-- \/wp:list --><\/li>\n<!-- \/wp:list-item --><\/ul>\n<!-- \/wp:list -->\n\n<!-- wp:heading {\"level\":3} -->\n<h3 class=\"wp-block-heading\">Historie klubu<\/h3>\n<!-- \/wp:heading -->\n\n<!-- wp:list -->\n<ul><!-- wp:list-item -->\n<li>BC Beroun&nbsp;(od 2003-07-31 do 2004-09-30)<\/li>\n<!-- \/wp:list-item -->\n\n<!-- wp:list-item -->\n<li>Basketbalov\u00fd klub Beroun&nbsp;(od 2004-09-30 do 2007-07-30)<\/li>\n<!-- \/wp:list-item -->\n\n<!-- wp:list-item -->\n<li>BK Beroun&nbsp;(od 2007-07-30 do 2009-08-24)<\/li>\n<!-- \/wp:list-item -->\n\n<!-- wp:list-item -->\n<li>Basketbalov\u00fd klub Beroun,z.s.&nbsp;(od 2009-08-24)<\/li>\n<!-- \/wp:list-item --><\/ul>\n<!-- \/wp:list -->","_et_gb_content_width":"","om_disable_all_campaigns":false,"_monsterinsights_skip_tracking":false,"_monsterinsights_sitenote_active":false,"_monsterinsights_sitenote_note":"","_monsterinsights_sitenote_category":0,"_uf_show_specific_survey":0,"_uf_disable_surveys":false,"footnotes":""},"class_list":["post-1513","page","type-page","status-publish","hentry"],"aioseo_notices":[],"_links":{"self":[{"href":"https:\/\/www.bkberoun.cz\/index.php?rest_route=\/wp\/v2\/pages\/1513","targetHints":{"allow":["GET"]}}],"collection":[{"href":"https:\/\/www.bkberoun.cz\/index.php?rest_route=\/wp\/v2\/pages"}],"about":[{"href":"https:\/\/www.bkberoun.cz\/index.php?rest_route=\/wp\/v2\/types\/page"}],"author":[{"embeddable":true,"href":"https:\/\/www.bkberoun.cz\/index.php?rest_route=\/wp\/v2\/users\/1"}],"replies":[{"embeddable":true,"href":"https:\/\/www.bkberoun.cz\/index.php?rest_route=%2Fwp%2Fv2%2Fcomments&post=1513"}],"version-history":[{"count":3,"href":"https:\/\/www.bkberoun.cz\/index.php?rest_route=\/wp\/v2\/pages\/1513\/revisions"}],"predecessor-version":[{"id":2309,"href":"https:\/\/www.bkberoun.cz\/index.php?rest_route=\/wp\/v2\/pages\/1513\/revisions\/2309"}],"wp:attachment":[{"href":"https:\/\/www.bkberoun.cz\/index.php?rest_route=%2Fwp%2Fv2%2Fmedia&parent=1513"}],"curies":[{"name":"wp","href":"https:\/\/api.w.org\/{rel}","templated":true}]}}