{"id":14,"date":"2023-07-21T11:52:12","date_gmt":"2023-07-21T11:52:12","guid":{"rendered":"http:\/\/www.bkberoun.cz.uvirt131.active24.cz\/?page_id=14"},"modified":"2025-09-04T21:53:51","modified_gmt":"2025-09-04T20:53:51","slug":"prispevky","status":"publish","type":"page","link":"https:\/\/www.bkberoun.cz\/?page_id=14","title":{"rendered":"Informace k placen\u00ed \u010dlensk\u00fdch p\u0159\u00edsp\u011bvk\u016f\u00a0"},"content":{"rendered":"[et_pb_section fb_built=&#8220;1&#8243; admin_label=&#8220;section&#8220; _builder_version=&#8220;4.16&#8243; global_colors_info=&#8220;{}&#8220;][et_pb_row admin_label=&#8220;row&#8220; _builder_version=&#8220;4.16&#8243; background_size=&#8220;initial&#8220; background_position=&#8220;top_left&#8220; background_repeat=&#8220;repeat&#8220; global_colors_info=&#8220;{}&#8220;][et_pb_column type=&#8220;4_4&#8243; _builder_version=&#8220;4.16&#8243; custom_padding=&#8220;|||&#8220; global_colors_info=&#8220;{}&#8220; custom_padding__hover=&#8220;|||&#8220;][et_pb_text admin_label=&#8220;Text&#8220; _builder_version=&#8220;4.16&#8243; background_size=&#8220;initial&#8220; background_position=&#8220;top_left&#8220; background_repeat=&#8220;repeat&#8220; global_colors_info=&#8220;{}&#8220;]<p><\/p>\n<p><\/p>\n<p class=\"has-text-align-center has-small-font-size\"><strong>V\u00fd\u0161e p\u0159\u00edsp\u011bvk\u016f:<\/strong><br \/>Mu\u017ei A 4000K\u010d (splatn\u00e9 ve dvou spl\u00e1tk\u00e1ch 2000 do konce z\u00e1\u0159\u00ed, 2000 do konce ledna)<\/p>\n<p class=\"has-text-align-center has-small-font-size\"><\/p>\n<p class=\"has-text-align-center has-small-font-size\">U19 7500K\u010d (splatn\u00e9 ve dvou spl\u00e1tk\u00e1ch 4000 do konce z\u00e1\u0159\u00ed, 3500 do konce ledna)<\/p>\n<p><\/p>\n<p class=\"has-text-align-center has-small-font-size\">U17 7500K\u010d (splatn\u00e9 ve dvou spl\u00e1tk\u00e1ch 4000 do konce z\u00e1\u0159\u00ed, 3500 do konce ledna)<\/p>\n<p><\/p>\n<p class=\"has-text-align-center has-small-font-size\">U15 7500K\u010d (splatn\u00e9 ve dvou spl\u00e1tk\u00e1ch 4000 do konce z\u00e1\u0159\u00ed, 3500 do konce ledna)<\/p>\n<p><\/p>\n<p class=\"has-text-align-center has-small-font-size\">U13 7500K\u010d (splatn\u00e9 ve dvou spl\u00e1tk\u00e1ch 4000 do konce z\u00e1\u0159\u00ed, 3500 do konce ledna)<\/p>\n<p><\/p>\n<p class=\"has-text-align-center has-small-font-size\">U12 7500K\u010d (splatn\u00e9 ve dvou spl\u00e1tk\u00e1ch 4000 do konce z\u00e1\u0159\u00ed, 3500 do konce ledna)<\/p>\n<p class=\"has-text-align-center has-small-font-size\"><\/p>\n<p class=\"has-text-align-center has-small-font-size\"><span>Krou\u017eky 2200K\u010d (Splatn\u00e9 ve dvou spl\u00e1tk\u00e1ch 1100K\u010d do konce z\u00e1\u0159\u00ed, 1100K\u010d do konce ledna.)<\/span><\/p>\n<p class=\"has-text-align-center has-small-font-size\"><\/p>\n<p style=\"text-align: center;\"><strong>V\u0161echny platby pla\u0165te prost\u0159ednictv\u00edm klubov\u00e9 aplikace EOS.<\/strong><\/p>\n<p class=\"has-text-align-center has-small-font-size\"><\/p>\n<p class=\"has-text-align-center has-small-font-size\"><span>Veter\u00e1ni 2500K\u010d (Splatn\u00e9 do konce z\u00e1\u0159\u00ed <\/span><span>na \u00fa\u010det klubu \u010d. <\/span><strong>5755128339\/0800<\/strong><span>. Do zpr\u00e1vy pro p\u0159\u00edjemce pi\u0161te jm\u00e9no hr\u00e1\u010de.)<\/span><\/p>\n<p><\/p>\n<p><span>P\u0159\u00edpadn\u00e9 dotazy sm\u011b\u0159ujte na organiza\u010dn\u00edho pracovn\u00edka Tom\u00e1\u0161e Peterku,\u00a0<\/span><br \/><span>tel. 736 121 169, <a href=\"mailto:peterka.t@bkberoun.cz\">peterka.t@bkberoun.cz<\/a>.<\/span><br \/><span>Pro potvrzen\u00ed o platb\u011b kontaktujte \u00fa\u010detn\u00ed Gabrielu Hoffmannovou,\u00a0<\/span><br \/><span><a href=\"mailto:ghoffmannova@seznam.cz\">ghoffmannova@seznam.cz<\/a><\/span><\/p>\n<p><\/p>[\/et_pb_text][\/et_pb_column][\/et_pb_row][\/et_pb_section]","protected":false},"excerpt":{"rendered":"<p>V\u00fd\u0161e p\u0159\u00edsp\u011bvk\u016f:Mu\u017ei A 4000K\u010d (splatn\u00e9 ve dvou spl\u00e1tk\u00e1ch 2000 do konce z\u00e1\u0159\u00ed, 2000 do konce ledna) U19 7500K\u010d (splatn\u00e9 ve dvou spl\u00e1tk\u00e1ch 4000 do konce z\u00e1\u0159\u00ed, 3500 do konce ledna) U17 7500K\u010d (splatn\u00e9 ve dvou spl\u00e1tk\u00e1ch 4000 do konce z\u00e1\u0159\u00ed, 3500 do konce ledna) U15 7500K\u010d (splatn\u00e9 ve dvou spl\u00e1tk\u00e1ch 4000 do konce z\u00e1\u0159\u00ed, 3500 [&hellip;]<\/p>\n","protected":false},"author":1,"featured_media":0,"parent":0,"menu_order":0,"comment_status":"closed","ping_status":"closed","template":"","meta":{"_et_pb_use_builder":"on","_et_pb_old_content":"<!-- wp:paragraph {\"align\":\"left\"} -->\n<p class=\"has-text-align-left\">P\u0159\u00edsp\u011bvky na sezonu 2023\/24 pros\u00edm pla\u0165te p\u0159evodem na \u00fa\u010det klubu \u010d.&nbsp;<br><strong>5755128339\/0800<\/strong>. Do zpr\u00e1vy pro p\u0159\u00edjemce pi\u0161te jm\u00e9no hr\u00e1\u010de\/hr\u00e1\u010dky a&nbsp;<br>kategorii, ve kter\u00e9 hraje.<\/p>\n<!-- \/wp:paragraph -->\n\n<!-- wp:paragraph {\"align\":\"center\",\"fontSize\":\"small\"} -->\n<p class=\"has-text-align-center has-small-font-size\"><br><strong>V\u00fd\u0161e p\u0159\u00edsp\u011bvk\u016f:<\/strong><br>Mu\u017ei A, B 3500K\u010d (splatn\u00e9 do konce z\u00e1\u0159\u00ed)<\/p>\n<!-- \/wp:paragraph -->\n\n<!-- wp:paragraph {\"align\":\"center\",\"fontSize\":\"small\"} -->\n<p class=\"has-text-align-center has-small-font-size\"><br>U19 7000K\u010d (splatn\u00e9 ve dvou spl\u00e1tk\u00e1ch 3500 do konce z\u00e1\u0159\u00ed, 3500 do konce&nbsp;ledna)<\/p>\n<!-- \/wp:paragraph -->\n\n<!-- wp:paragraph {\"align\":\"center\",\"fontSize\":\"small\"} -->\n<p class=\"has-text-align-center has-small-font-size\"><br>U17 7000K\u010d (splatn\u00e9 ve dvou spl\u00e1tk\u00e1ch 3500 do konce z\u00e1\u0159\u00ed, 3500 do konce&nbsp;ledna)<\/p>\n<!-- \/wp:paragraph -->\n\n<!-- wp:paragraph {\"align\":\"center\",\"fontSize\":\"small\"} -->\n<p class=\"has-text-align-center has-small-font-size\"><br>U15 7000K\u010d (splatn\u00e9 ve dvou spl\u00e1tk\u00e1ch 3500 do konce z\u00e1\u0159\u00ed, 3500 do konce&nbsp;ledna)<\/p>\n<!-- \/wp:paragraph -->\n\n<!-- wp:paragraph {\"align\":\"center\",\"fontSize\":\"small\"} -->\n<p class=\"has-text-align-center has-small-font-size\"><br>U13 7000K\u010d (splatn\u00e9 ve dvou spl\u00e1tk\u00e1ch 3500 do konce z\u00e1\u0159\u00ed, 3500 do konce&nbsp;ledna)<\/p>\n<!-- \/wp:paragraph -->\n\n<!-- wp:paragraph {\"align\":\"center\",\"fontSize\":\"small\"} -->\n<p class=\"has-text-align-center has-small-font-size\"><br>U12 7000K\u010d (splatn\u00e9 ve dvou spl\u00e1tk\u00e1ch 3500 do konce z\u00e1\u0159\u00ed, 3500 do konce&nbsp;ledna)<\/p>\n<!-- \/wp:paragraph -->\n\n<!-- wp:paragraph {\"align\":\"center\",\"fontSize\":\"small\"} -->\n<p class=\"has-text-align-center has-small-font-size\"><br>Krou\u017eky 1800K\u010d(do konce z\u00e1\u0159\u00ed)<br>Veter\u00e1ni 2500K\u010d (do konce z\u00e1\u0159\u00ed)<\/p>\n<!-- \/wp:paragraph -->\n\n<!-- wp:paragraph {\"align\":\"left\"} -->\n<p class=\"has-text-align-left\"><br>P\u0159\u00edpadn\u00e9 dotazy sm\u011b\u0159ujte na organiza\u010dn\u00edho pracovn\u00edka Tom\u00e1\u0161e Peterku,&nbsp;<br>tel. 736 121 169, peterka.t@bkberoun.cz.<br>Pro potvrzen\u00ed o platb\u011b kontaktujte \u00fa\u010detn\u00ed Gabrielu Hoffmannovou,&nbsp;<br>ghoffmannova@seznam.cz<\/p>\n<!-- \/wp:paragraph -->","_et_gb_content_width":"","om_disable_all_campaigns":false,"_monsterinsights_skip_tracking":false,"_monsterinsights_sitenote_active":false,"_monsterinsights_sitenote_note":"","_monsterinsights_sitenote_category":0,"_uf_show_specific_survey":0,"_uf_disable_surveys":false,"footnotes":""},"class_list":["post-14","page","type-page","status-publish","hentry"],"aioseo_notices":[],"_links":{"self":[{"href":"https:\/\/www.bkberoun.cz\/index.php?rest_route=\/wp\/v2\/pages\/14","targetHints":{"allow":["GET"]}}],"collection":[{"href":"https:\/\/www.bkberoun.cz\/index.php?rest_route=\/wp\/v2\/pages"}],"about":[{"href":"https:\/\/www.bkberoun.cz\/index.php?rest_route=\/wp\/v2\/types\/page"}],"author":[{"embeddable":true,"href":"https:\/\/www.bkberoun.cz\/index.php?rest_route=\/wp\/v2\/users\/1"}],"replies":[{"embeddable":true,"href":"https:\/\/www.bkberoun.cz\/index.php?rest_route=%2Fwp%2Fv2%2Fcomments&post=14"}],"version-history":[{"count":11,"href":"https:\/\/www.bkberoun.cz\/index.php?rest_route=\/wp\/v2\/pages\/14\/revisions"}],"predecessor-version":[{"id":2799,"href":"https:\/\/www.bkberoun.cz\/index.php?rest_route=\/wp\/v2\/pages\/14\/revisions\/2799"}],"wp:attachment":[{"href":"https:\/\/www.bkberoun.cz\/index.php?rest_route=%2Fwp%2Fv2%2Fmedia&parent=14"}],"curies":[{"name":"wp","href":"https:\/\/api.w.org\/{rel}","templated":true}]}}